{"id":85,"date":"2025-05-13T11:08:45","date_gmt":"2025-05-13T09:08:45","guid":{"rendered":"http:\/\/linefish.biz\/?page_id=85"},"modified":"2025-06-05T00:59:49","modified_gmt":"2025-06-04T22:59:49","slug":"homepage","status":"publish","type":"page","link":"https:\/\/linefish.biz\/en\/","title":{"rendered":"Homepage"},"content":{"rendered":"<div class=\"wp-block-group alignfull is-content-justification-center is-layout-constrained wp-container-core-group-is-layout-df757ecc wp-block-group-is-layout-constrained\" style=\"margin-top:0;margin-bottom:0;padding-top:calc( 0.5 * var(--wp--style--root--padding-right, var(--wp--custom--gap--horizontal)));padding-right:var(--wp--style--root--padding-right, var(--wp--custom--gap--horizontal));padding-bottom:calc( 0.5 * var(--wp--style--root--padding-right, var(--wp--custom--gap--horizontal)));padding-left:var(--wp--style--root--padding-left, var(--wp--custom--gap--horizontal))\"><div style=\"height:calc( 0.25 * var(--wp--style--root--padding-right, var(--wp--custom--gap--horizontal)))\" aria-hidden=\"true\" class=\"wp-block-spacer\"><\/div>\n\n<div class=\"wp-block-group alignfull is-content-justification-center is-layout-constrained wp-container-core-group-is-layout-df757ecc wp-block-group-is-layout-constrained\" style=\"margin-top:0;margin-bottom:0;padding-top:calc( 0.5 * var(--wp--style--root--padding-right, var(--wp--custom--gap--horizontal)));padding-right:var(--wp--style--root--padding-right, var(--wp--custom--gap--horizontal));padding-bottom:calc( 0.5 * var(--wp--style--root--padding-right, var(--wp--custom--gap--horizontal)));padding-left:var(--wp--style--root--padding-left, var(--wp--custom--gap--horizontal))\"><div style=\"height:calc( 0.25 * var(--wp--style--root--padding-right, var(--wp--custom--gap--horizontal)))\" aria-hidden=\"true\" class=\"wp-block-spacer\"><\/div>\n\n<div class=\"wp-block-columns alignwide is-layout-flex wp-container-core-columns-is-layout-28f84493 wp-block-columns-is-layout-flex\"><div class=\"wp-block-column is-vertically-aligned-center is-layout-flow wp-block-column-is-layout-flow\" style=\"padding-right:var(--wp--preset--spacing--20);padding-left:var(--wp--preset--spacing--20)\"><p class=\"has-base-color has-text-color\" style=\"margin-top:0;margin-right:0;margin-bottom:0;margin-left:0;font-size:18px\"><\/p>\n\n<h3 class=\"wp-block-heading has-base-color has-text-color\" style=\"font-size:48px\">The Linefish<\/h3>\n\n<p class=\"has-base-color has-text-color\" style=\"margin-top:0;margin-right:0;margin-bottom:0;margin-left:0;font-size:24px\">The ultimate kite line organiser to save you valuable time<\/p>\n\n<div class=\"wp-block-buttons is-layout-flex wp-container-core-buttons-is-layout-db72952d wp-block-buttons-is-layout-flex\" style=\"margin-top:20px;margin-bottom:0\"><div class=\"wp-block-button is-style-fill\"><a class=\"wp-block-button__link has-custom-font-size wp-element-button\" href=\"http:\/\/linefish.biz\/en\/shop\/\" style=\"border-style:none;border-width:0px;font-size:16px\">Buy Now <\/a><\/div><\/div><\/div>\n\n<div class=\"wp-block-column is-vertically-aligned-center is-layout-flow wp-block-column-is-layout-flow\"><figure class=\"wp-block-image size-full\"><img data-recalc-dims=\"1\" decoding=\"async\" src=\"https:\/\/i0.wp.com\/linefish.biz\/wp-content\/uploads\/2025\/06\/IMG_3501-1.heic?ssl=1\" alt=\"Linefish mit Blauem, Hellblauen, Rotem, Braunem, Wei\u00dfem und Mintfarbenem Gummi\" class=\"wp-image-224\"\/><\/figure>\n\n<div class=\"wp-block-group is-vertical is-content-justification-center is-layout-flex wp-container-core-group-is-layout-ce155fab wp-block-group-is-layout-flex\"><h2 class=\"wp-block-heading has-text-align-center has-ast-global-color-3-color has-text-color has-link-color wp-elements-5a89ab815bd88dc5f95a122fdd68ecf1\" style=\"text-decoration:underline\"><em>The Linefish<\/em><\/h2>\n\n<p><\/p><\/div><\/div><\/div>\n\n<div style=\"height:calc( 0.25 * var(--wp--style--root--padding-right, var(--wp--custom--gap--horizontal)))\" aria-hidden=\"true\" class=\"wp-block-spacer\"><\/div><\/div>\n\n<div style=\"height:calc( 0.25 * var(--wp--style--root--padding-right, var(--wp--custom--gap--horizontal)))\" aria-hidden=\"true\" class=\"wp-block-spacer\"><\/div><\/div><div class=\"wp-block-group alignfull is-content-justification-center is-layout-constrained wp-container-core-group-is-layout-df757ecc wp-block-group-is-layout-constrained\" style=\"margin-top:0;margin-bottom:0;padding-top:calc( 0.5 * var(--wp--style--root--padding-right, var(--wp--custom--gap--horizontal)));padding-right:var(--wp--style--root--padding-right, var(--wp--custom--gap--horizontal));padding-bottom:calc( 0.5 * var(--wp--style--root--padding-right, var(--wp--custom--gap--horizontal)));padding-left:var(--wp--style--root--padding-left, var(--wp--custom--gap--horizontal))\"><div class=\"wp-block-columns alignfull are-vertically-aligned-top has-ast-global-color-0-color has-ast-global-color-1-background-color has-text-color has-background has-link-color wp-elements-b6e7fd4700548c2ae9411ab010510ae0 is-layout-flex wp-container-core-columns-is-layout-28f84493 wp-block-columns-is-layout-flex\"><div class=\"wp-block-column is-vertically-aligned-top is-layout-flow wp-block-column-is-layout-flow\" style=\"flex-basis:40%\"><p><\/p>\n\n<p><\/p>\n\n<p><\/p>\n\n<h2 class=\"wp-block-heading has-text-align-center has-ast-global-color-3-color has-text-color has-link-color has-x-large-font-size wp-elements-117e09a468f8f138998c7b2df4a5595d\" style=\"padding-top:0;padding-right:var(--wp--preset--spacing--50);padding-bottom:0;padding-left:var(--wp--preset--spacing--50)\">About Us<\/h2><\/div>\n\n<div class=\"wp-block-column is-vertically-aligned-top is-layout-flow wp-block-column-is-layout-flow\"><p class=\"has-medium-font-size\" style=\"border-style:none;border-width:0px;padding-top:0;padding-right:var(--wp--preset--spacing--20);padding-bottom:0;padding-left:var(--wp--preset--spacing--20)\">We are a family of passionate kiters from Munich who travel the world in search of the best spots. But there\u2019s one thing we\u2019ve experienced time and time again on all our trips: you arrive at the spot, the wind is perfect, and all you want is to hit the water as quickly as possible. But first... you have to check your lines, attach the kite \u2013 the whole routine before you can finally get started. And every time we thought: there has to be a better way!\n\nSo we sat down together and started brainstorming. After countless experiments, trials, and improvements, we finally developed the Linefish \u2013 the perfect organizer for your kite lines. It\u2019s not only incredibly practical, but also impresses with its durability and unique desig <strong>Linefish<\/strong> .<\/p><\/div><\/div>\n\n<div style=\"height:calc( 0.25 * var(--wp--style--root--padding-right, var(--wp--custom--gap--horizontal)))\" aria-hidden=\"true\" class=\"wp-block-spacer\"><\/div>\n\n<div style=\"height:calc( 0.25 * var(--wp--style--root--padding-right, var(--wp--custom--gap--horizontal)))\" aria-hidden=\"true\" class=\"wp-block-spacer\"><\/div>\n\n<h1 class=\"wp-block-heading has-text-align-center\">Follow us on socials<\/h1><\/div><ul class=\"wp-block-social-links is-content-justification-center is-layout-flex wp-container-core-social-links-is-layout-a89b3969 wp-block-social-links-is-layout-flex\"><li class=\"wp-social-link wp-social-link-instagram  wp-block-social-link\"><a href=\"https:\/\/instagram.com\/linefish.biz\" class=\"wp-block-social-link-anchor\"><svg width=\"24\" height=\"24\" viewbox=\"0 0 24 24\" version=\"1.1\" xmlns=\"http:\/\/www.w3.org\/2000\/svg\" aria-hidden=\"true\" focusable=\"false\"><path d=\"M12,4.622c2.403,0,2.688,0.009,3.637,0.052c0.877,0.04,1.354,0.187,1.671,0.31c0.42,0.163,0.72,0.358,1.035,0.673 c0.315,0.315,0.51,0.615,0.673,1.035c0.123,0.317,0.27,0.794,0.31,1.671c0.043,0.949,0.052,1.234,0.052,3.637 s-0.009,2.688-0.052,3.637c-0.04,0.877-0.187,1.354-0.31,1.671c-0.163,0.42-0.358,0.72-0.673,1.035 c-0.315,0.315-0.615,0.51-1.035,0.673c-0.317,0.123-0.794,0.27-1.671,0.31c-0.949,0.043-1.233,0.052-3.637,0.052 s-2.688-0.009-3.637-0.052c-0.877-0.04-1.354-0.187-1.671-0.31c-0.42-0.163-0.72-0.358-1.035-0.673 c-0.315-0.315-0.51-0.615-0.673-1.035c-0.123-0.317-0.27-0.794-0.31-1.671C4.631,14.688,4.622,14.403,4.622,12 s0.009-2.688,0.052-3.637c0.04-0.877,0.187-1.354,0.31-1.671c0.163-0.42,0.358-0.72,0.673-1.035 c0.315-0.315,0.615-0.51,1.035-0.673c0.317-0.123,0.794-0.27,1.671-0.31C9.312,4.631,9.597,4.622,12,4.622 M12,3 C9.556,3,9.249,3.01,8.289,3.054C7.331,3.098,6.677,3.25,6.105,3.472C5.513,3.702,5.011,4.01,4.511,4.511 c-0.5,0.5-0.808,1.002-1.038,1.594C3.25,6.677,3.098,7.331,3.054,8.289C3.01,9.249,3,9.556,3,12c0,2.444,0.01,2.751,0.054,3.711 c0.044,0.958,0.196,1.612,0.418,2.185c0.23,0.592,0.538,1.094,1.038,1.594c0.5,0.5,1.002,0.808,1.594,1.038 c0.572,0.222,1.227,0.375,2.185,0.418C9.249,20.99,9.556,21,12,21s2.751-0.01,3.711-0.054c0.958-0.044,1.612-0.196,2.185-0.418 c0.592-0.23,1.094-0.538,1.594-1.038c0.5-0.5,0.808-1.002,1.038-1.594c0.222-0.572,0.375-1.227,0.418-2.185 C20.99,14.751,21,14.444,21,12s-0.01-2.751-0.054-3.711c-0.044-0.958-0.196-1.612-0.418-2.185c-0.23-0.592-0.538-1.094-1.038-1.594 c-0.5-0.5-1.002-0.808-1.594-1.038c-0.572-0.222-1.227-0.375-2.185-0.418C14.751,3.01,14.444,3,12,3L12,3z M12,7.378 c-2.552,0-4.622,2.069-4.622,4.622S9.448,16.622,12,16.622s4.622-2.069,4.622-4.622S14.552,7.378,12,7.378z M12,15 c-1.657,0-3-1.343-3-3s1.343-3,3-3s3,1.343,3,3S13.657,15,12,15z M16.804,6.116c-0.596,0-1.08,0.484-1.08,1.08 s0.484,1.08,1.08,1.08c0.596,0,1.08-0.484,1.08-1.08S17.401,6.116,16.804,6.116z\"><\/path><\/svg><span class=\"wp-block-social-link-label screen-reader-text\">Instagram<\/span><\/a><\/li>\n\n<\/ul><p><\/p>","protected":false},"excerpt":{"rendered":"<p>The Linefish Der ultimative Kiteleinen Splitter um dir wertvolle Zeit beim Aufbauen zu sparen The Linefish \u00dcber Uns Wir sind [&hellip;]<\/p>","protected":false},"author":2,"featured_media":0,"parent":0,"menu_order":0,"comment_status":"closed","ping_status":"closed","template":"","meta":{"site-sidebar-layout":"default","site-content-layout":"","ast-site-content-layout":"","site-content-style":"default","site-sidebar-style":"default","ast-global-header-display":"","ast-banner-title-visibility":"","ast-main-header-display":"","ast-hfb-above-header-display":"","ast-hfb-below-header-display":"","ast-hfb-mobile-header-display":"","site-post-title":"disabled","ast-breadcrumbs-content":"","ast-featured-img":"","footer-sml-layout":"","theme-transparent-header-meta":"","adv-header-id-meta":"","stick-header-meta":"","header-above-stick-meta":"","header-main-stick-meta":"","header-below-stick-meta":"","astra-migrate-meta-layouts":"default","ast-page-background-enabled":"default","ast-page-background-meta":{"desktop":{"background-color":"var(--ast-global-color-5)","background-image":"","background-repeat":"repeat","background-position":"center center","background-size":"auto","background-attachment":"scroll","background-type":"","background-media":"","overlay-type":"","overlay-color":"","overlay-opacity":"","overlay-gradient":""},"tablet":{"background-color":"","background-image":"","background-repeat":"repeat","background-position":"center center","background-size":"auto","background-attachment":"scroll","background-type":"","background-media":"","overlay-type":"","overlay-color":"","overlay-opacity":"","overlay-gradient":""},"mobile":{"background-color":"","background-image":"","background-repeat":"repeat","background-position":"center center","background-size":"auto","background-attachment":"scroll","background-type":"","background-media":"","overlay-type":"","overlay-color":"","overlay-opacity":"","overlay-gradient":""}},"ast-content-background-meta":{"desktop":{"background-color":"var(--ast-global-color-4)","background-image":"","background-repeat":"repeat","background-position":"center center","background-size":"auto","background-attachment":"scroll","background-type":"","background-media":"","overlay-type":"","overlay-color":"","overlay-opacity":"","overlay-gradient":""},"tablet":{"background-color":"var(--ast-global-color-4)","background-image":"","background-repeat":"repeat","background-position":"center center","background-size":"auto","background-attachment":"scroll","background-type":"","background-media":"","overlay-type":"","overlay-color":"","overlay-opacity":"","overlay-gradient":""},"mobile":{"background-color":"var(--ast-global-color-4)","background-image":"","background-repeat":"repeat","background-position":"center center","background-size":"auto","background-attachment":"scroll","background-type":"","background-media":"","overlay-type":"","overlay-color":"","overlay-opacity":"","overlay-gradient":""}},"footnotes":""},"class_list":["post-85","page","type-page","status-publish","hentry"],"yoast_head":"<!-- This site is optimized with the Yoast SEO plugin v25.1 - https:\/\/yoast.com\/wordpress\/plugins\/seo\/ -->\n<title>Homepage - Linefish<\/title>\n<meta name=\"description\" content=\"Hochwertige Kiteleinen-Splitter \u2013 Verhindere Knoten und sch\u00fctze deine Leinen! Entdecke den Linefish zum Trennen von Kiteleinen an der Bar. F\u00fcr mehr Komfort und Langlebigkeit beim Kitesurfen.\" \/>\n<meta name=\"robots\" content=\"index, follow, max-snippet:-1, max-image-preview:large, max-video-preview:-1\" \/>\n<link rel=\"canonical\" href=\"https:\/\/linefish.biz\/en\/\" \/>\n<meta property=\"og:locale\" content=\"en_US\" \/>\n<meta property=\"og:type\" content=\"article\" \/>\n<meta property=\"og:title\" content=\"Linefish - Kiteleinen Splitter\" \/>\n<meta property=\"og:description\" content=\"Hochwertige Kiteleinen-Splitter \u2013 Verhindere Knoten und sch\u00fctze deine Leinen! Entdecke clevere L\u00f6sungen zum Trennen von Kiteleinen an der Bar. F\u00fcr mehr Sicherheit, Komfort und Langlebigkeit beim Kitesurfen.\" \/>\n<meta property=\"og:url\" content=\"https:\/\/linefish.biz\/en\/\" \/>\n<meta property=\"og:site_name\" content=\"Linefish\" \/>\n<meta property=\"article:modified_time\" content=\"2025-06-04T22:59:49+00:00\" \/>\n<meta property=\"og:image\" content=\"https:\/\/linefish.biz\/wp-content\/uploads\/2025\/06\/IMG_3501-1.heic\" \/>\n<meta name=\"twitter:card\" content=\"summary_large_image\" \/>\n<meta name=\"twitter:label1\" content=\"Est. reading time\" \/>\n\t<meta name=\"twitter:data1\" content=\"2 minutes\" \/>\n<script type=\"application\/ld+json\" class=\"yoast-schema-graph\">{\"@context\":\"https:\/\/schema.org\",\"@graph\":[{\"@type\":\"WebPage\",\"@id\":\"https:\/\/linefish.biz\/\",\"url\":\"https:\/\/linefish.biz\/\",\"name\":\"Homepage - Linefish\",\"isPartOf\":{\"@id\":\"https:\/\/linefish.biz\/#website\"},\"primaryImageOfPage\":{\"@id\":\"https:\/\/linefish.biz\/#primaryimage\"},\"image\":{\"@id\":\"https:\/\/linefish.biz\/#primaryimage\"},\"thumbnailUrl\":\"https:\/\/linefish.biz\/wp-content\/uploads\/2025\/06\/IMG_3501-1.heic\",\"datePublished\":\"2025-05-13T09:08:45+00:00\",\"dateModified\":\"2025-06-04T22:59:49+00:00\",\"description\":\"Hochwertige Kiteleinen-Splitter \u2013 Verhindere Knoten und sch\u00fctze deine Leinen! Entdecke den Linefish zum Trennen von Kiteleinen an der Bar. F\u00fcr mehr Komfort und Langlebigkeit beim Kitesurfen.\",\"breadcrumb\":{\"@id\":\"https:\/\/linefish.biz\/#breadcrumb\"},\"inLanguage\":\"en-US\",\"potentialAction\":[{\"@type\":\"ReadAction\",\"target\":[\"https:\/\/linefish.biz\/\"]}]},{\"@type\":\"ImageObject\",\"inLanguage\":\"en-US\",\"@id\":\"https:\/\/linefish.biz\/#primaryimage\",\"url\":\"https:\/\/linefish.biz\/wp-content\/uploads\/2025\/06\/IMG_3501-1.heic\",\"contentUrl\":\"https:\/\/linefish.biz\/wp-content\/uploads\/2025\/06\/IMG_3501-1.heic\"},{\"@type\":\"BreadcrumbList\",\"@id\":\"https:\/\/linefish.biz\/#breadcrumb\",\"itemListElement\":[{\"@type\":\"ListItem\",\"position\":1,\"name\":\"Startseite\",\"item\":\"https:\/\/linefish.biz\/\"},{\"@type\":\"ListItem\",\"position\":2,\"name\":\"Homepage\"}]},{\"@type\":\"WebSite\",\"@id\":\"https:\/\/linefish.biz\/#website\",\"url\":\"https:\/\/linefish.biz\/\",\"name\":\"Linefish\",\"description\":\"Der Linefish Onlineshop\",\"publisher\":{\"@id\":\"https:\/\/linefish.biz\/#organization\"},\"potentialAction\":[{\"@type\":\"SearchAction\",\"target\":{\"@type\":\"EntryPoint\",\"urlTemplate\":\"https:\/\/linefish.biz\/?s={search_term_string}\"},\"query-input\":{\"@type\":\"PropertyValueSpecification\",\"valueRequired\":true,\"valueName\":\"search_term_string\"}}],\"inLanguage\":\"en-US\"},{\"@type\":\"Organization\",\"@id\":\"https:\/\/linefish.biz\/#organization\",\"name\":\"Linefish\",\"url\":\"https:\/\/linefish.biz\/\",\"logo\":{\"@type\":\"ImageObject\",\"inLanguage\":\"en-US\",\"@id\":\"https:\/\/linefish.biz\/#\/schema\/logo\/image\/\",\"url\":\"https:\/\/i0.wp.com\/linefish.biz\/wp-content\/uploads\/2025\/05\/cropped-Logo_transparent_v2.png?fit=2381%2C794&ssl=1\",\"contentUrl\":\"https:\/\/i0.wp.com\/linefish.biz\/wp-content\/uploads\/2025\/05\/cropped-Logo_transparent_v2.png?fit=2381%2C794&ssl=1\",\"width\":2381,\"height\":794,\"caption\":\"Linefish\"},\"image\":{\"@id\":\"https:\/\/linefish.biz\/#\/schema\/logo\/image\/\"},\"sameAs\":[\"https:\/\/instagram.com\/linefish.biz\"]}]}<\/script>\n<!-- \/ Yoast SEO plugin. -->","yoast_head_json":{"title":"Homepage - Linefish","description":"Hochwertige Kiteleinen-Splitter \u2013 Verhindere Knoten und sch\u00fctze deine Leinen! Entdecke den Linefish zum Trennen von Kiteleinen an der Bar. F\u00fcr mehr Komfort und Langlebigkeit beim Kitesurfen.","robots":{"index":"index","follow":"follow","max-snippet":"max-snippet:-1","max-image-preview":"max-image-preview:large","max-video-preview":"max-video-preview:-1"},"canonical":"https:\/\/linefish.biz\/en\/","og_locale":"en_US","og_type":"article","og_title":"Linefish - Kiteleinen Splitter","og_description":"Hochwertige Kiteleinen-Splitter \u2013 Verhindere Knoten und sch\u00fctze deine Leinen! Entdecke clevere L\u00f6sungen zum Trennen von Kiteleinen an der Bar. F\u00fcr mehr Sicherheit, Komfort und Langlebigkeit beim Kitesurfen.","og_url":"https:\/\/linefish.biz\/en\/","og_site_name":"Linefish","article_modified_time":"2025-06-04T22:59:49+00:00","og_image":[{"url":"https:\/\/linefish.biz\/wp-content\/uploads\/2025\/06\/IMG_3501-1.heic","type":"","width":"","height":""}],"twitter_card":"summary_large_image","twitter_misc":{"Est. reading time":"2 minutes"},"schema":{"@context":"https:\/\/schema.org","@graph":[{"@type":"WebPage","@id":"https:\/\/linefish.biz\/","url":"https:\/\/linefish.biz\/","name":"Homepage - Linefish","isPartOf":{"@id":"https:\/\/linefish.biz\/#website"},"primaryImageOfPage":{"@id":"https:\/\/linefish.biz\/#primaryimage"},"image":{"@id":"https:\/\/linefish.biz\/#primaryimage"},"thumbnailUrl":"https:\/\/linefish.biz\/wp-content\/uploads\/2025\/06\/IMG_3501-1.heic","datePublished":"2025-05-13T09:08:45+00:00","dateModified":"2025-06-04T22:59:49+00:00","description":"Hochwertige Kiteleinen-Splitter \u2013 Verhindere Knoten und sch\u00fctze deine Leinen! Entdecke den Linefish zum Trennen von Kiteleinen an der Bar. F\u00fcr mehr Komfort und Langlebigkeit beim Kitesurfen.","breadcrumb":{"@id":"https:\/\/linefish.biz\/#breadcrumb"},"inLanguage":"en-US","potentialAction":[{"@type":"ReadAction","target":["https:\/\/linefish.biz\/"]}]},{"@type":"ImageObject","inLanguage":"en-US","@id":"https:\/\/linefish.biz\/#primaryimage","url":"https:\/\/linefish.biz\/wp-content\/uploads\/2025\/06\/IMG_3501-1.heic","contentUrl":"https:\/\/linefish.biz\/wp-content\/uploads\/2025\/06\/IMG_3501-1.heic"},{"@type":"BreadcrumbList","@id":"https:\/\/linefish.biz\/#breadcrumb","itemListElement":[{"@type":"ListItem","position":1,"name":"Startseite","item":"https:\/\/linefish.biz\/"},{"@type":"ListItem","position":2,"name":"Homepage"}]},{"@type":"WebSite","@id":"https:\/\/linefish.biz\/#website","url":"https:\/\/linefish.biz\/","name":"Linefish","description":"Der Linefish Onlineshop","publisher":{"@id":"https:\/\/linefish.biz\/#organization"},"potentialAction":[{"@type":"SearchAction","target":{"@type":"EntryPoint","urlTemplate":"https:\/\/linefish.biz\/?s={search_term_string}"},"query-input":{"@type":"PropertyValueSpecification","valueRequired":true,"valueName":"search_term_string"}}],"inLanguage":"en-US"},{"@type":"Organization","@id":"https:\/\/linefish.biz\/#organization","name":"Linefish","url":"https:\/\/linefish.biz\/","logo":{"@type":"ImageObject","inLanguage":"en-US","@id":"https:\/\/linefish.biz\/#\/schema\/logo\/image\/","url":"https:\/\/i0.wp.com\/linefish.biz\/wp-content\/uploads\/2025\/05\/cropped-Logo_transparent_v2.png?fit=2381%2C794&ssl=1","contentUrl":"https:\/\/i0.wp.com\/linefish.biz\/wp-content\/uploads\/2025\/05\/cropped-Logo_transparent_v2.png?fit=2381%2C794&ssl=1","width":2381,"height":794,"caption":"Linefish"},"image":{"@id":"https:\/\/linefish.biz\/#\/schema\/logo\/image\/"},"sameAs":["https:\/\/instagram.com\/linefish.biz"]}]}},"jetpack_sharing_enabled":true,"_links":{"self":[{"href":"https:\/\/linefish.biz\/en\/wp-json\/wp\/v2\/pages\/85","targetHints":{"allow":["GET"]}}],"collection":[{"href":"https:\/\/linefish.biz\/en\/wp-json\/wp\/v2\/pages"}],"about":[{"href":"https:\/\/linefish.biz\/en\/wp-json\/wp\/v2\/types\/page"}],"author":[{"embeddable":true,"href":"https:\/\/linefish.biz\/en\/wp-json\/wp\/v2\/users\/2"}],"replies":[{"embeddable":true,"href":"https:\/\/linefish.biz\/en\/wp-json\/wp\/v2\/comments?post=85"}],"version-history":[{"count":10,"href":"https:\/\/linefish.biz\/en\/wp-json\/wp\/v2\/pages\/85\/revisions"}],"predecessor-version":[{"id":273,"href":"https:\/\/linefish.biz\/en\/wp-json\/wp\/v2\/pages\/85\/revisions\/273"}],"wp:attachment":[{"href":"https:\/\/linefish.biz\/en\/wp-json\/wp\/v2\/media?parent=85"}],"curies":[{"name":"wp","href":"https:\/\/api.w.org\/{rel}","templated":true}]}}