{"id":124,"date":"2025-05-16T02:31:37","date_gmt":"2025-05-16T00:31:37","guid":{"rendered":"https:\/\/linefish.biz\/echtheit-von-bewertungen\/"},"modified":"2025-05-20T06:44:12","modified_gmt":"2025-05-20T04:44:12","slug":"echtheit-von-bewertungen","status":"publish","type":"page","link":"https:\/\/linefish.biz\/en\/echtheit-von-bewertungen\/","title":{"rendered":"Echtheit von Bewertungen"},"content":{"rendered":"<p><em>Bewertungen auf unserer Website k\u00f6nnen nur von Kunden mit registriertem Nutzerkonto abgegeben werden und dies auch nur f\u00fcr Produkte, die sie tats\u00e4chlich bei uns erworben haben. Die Bewertungsfunktion wird also erst nach einem erfolgten Kauf freigeschaltet.<\/em><\/p>","protected":false},"excerpt":{"rendered":"<p>Bewertungen auf unserer Website k\u00f6nnen nur von Kunden mit registriertem Nutzerkonto abgegeben werden und dies auch nur f\u00fcr Produkte, die [&hellip;]<\/p>","protected":false},"author":1,"featured_media":0,"parent":0,"menu_order":0,"comment_status":"closed","ping_status":"closed","template":"","meta":{"site-sidebar-layout":"default","site-content-layout":"","ast-site-content-layout":"","site-content-style":"default","site-sidebar-style":"default","ast-global-header-display":"","ast-banner-title-visibility":"","ast-main-header-display":"","ast-hfb-above-header-display":"","ast-hfb-below-header-display":"","ast-hfb-mobile-header-display":"","site-post-title":"","ast-breadcrumbs-content":"","ast-featured-img":"","footer-sml-layout":"","theme-transparent-header-meta":"","adv-header-id-meta":"","stick-header-meta":"","header-above-stick-meta":"","header-main-stick-meta":"","header-below-stick-meta":"","astra-migrate-meta-layouts":"default","ast-page-background-enabled":"default","ast-page-background-meta":{"desktop":{"background-color":"var(--ast-global-color-5)","background-image":"","background-repeat":"repeat","background-position":"center center","background-size":"auto","background-attachment":"scroll","background-type":"","background-media":"","overlay-type":"","overlay-color":"","overlay-opacity":"","overlay-gradient":""},"tablet":{"background-color":"","background-image":"","background-repeat":"repeat","background-position":"center center","background-size":"auto","background-attachment":"scroll","background-type":"","background-media":"","overlay-type":"","overlay-color":"","overlay-opacity":"","overlay-gradient":""},"mobile":{"background-color":"","background-image":"","background-repeat":"repeat","background-position":"center center","background-size":"auto","background-attachment":"scroll","background-type":"","background-media":"","overlay-type":"","overlay-color":"","overlay-opacity":"","overlay-gradient":""}},"ast-content-background-meta":{"desktop":{"background-color":"var(--ast-global-color-4)","background-image":"","background-repeat":"repeat","background-position":"center center","background-size":"auto","background-attachment":"scroll","background-type":"","background-media":"","overlay-type":"","overlay-color":"","overlay-opacity":"","overlay-gradient":""},"tablet":{"background-color":"var(--ast-global-color-4)","background-image":"","background-repeat":"repeat","background-position":"center center","background-size":"auto","background-attachment":"scroll","background-type":"","background-media":"","overlay-type":"","overlay-color":"","overlay-opacity":"","overlay-gradient":""},"mobile":{"background-color":"var(--ast-global-color-4)","background-image":"","background-repeat":"repeat","background-position":"center center","background-size":"auto","background-attachment":"scroll","background-type":"","background-media":"","overlay-type":"","overlay-color":"","overlay-opacity":"","overlay-gradient":""}},"footnotes":""},"class_list":["post-124","page","type-page","status-publish","hentry"],"yoast_head":"<!-- This site is optimized with the Yoast SEO plugin v25.1 - https:\/\/yoast.com\/wordpress\/plugins\/seo\/ -->\n<title>Echtheit von Bewertungen - Linefish<\/title>\n<meta name=\"robots\" content=\"index, follow, max-snippet:-1, max-image-preview:large, max-video-preview:-1\" \/>\n<link rel=\"canonical\" href=\"https:\/\/linefish.biz\/en\/echtheit-von-bewertungen\/\" \/>\n<meta property=\"og:locale\" content=\"en_US\" \/>\n<meta property=\"og:type\" content=\"article\" \/>\n<meta property=\"og:title\" content=\"Echtheit von Bewertungen - Linefish\" \/>\n<meta property=\"og:description\" content=\"Bewertungen auf unserer Website k\u00f6nnen nur von Kunden mit registriertem Nutzerkonto abgegeben werden und dies auch nur f\u00fcr Produkte, die [&hellip;]\" \/>\n<meta property=\"og:url\" content=\"https:\/\/linefish.biz\/en\/echtheit-von-bewertungen\/\" \/>\n<meta property=\"og:site_name\" content=\"Linefish\" \/>\n<meta property=\"article:modified_time\" content=\"2025-05-20T04:44:12+00:00\" \/>\n<meta name=\"twitter:card\" content=\"summary_large_image\" \/>\n<script type=\"application\/ld+json\" class=\"yoast-schema-graph\">{\"@context\":\"https:\/\/schema.org\",\"@graph\":[{\"@type\":\"WebPage\",\"@id\":\"https:\/\/linefish.biz\/echtheit-von-bewertungen\/\",\"url\":\"https:\/\/linefish.biz\/echtheit-von-bewertungen\/\",\"name\":\"Echtheit von Bewertungen - Linefish\",\"isPartOf\":{\"@id\":\"https:\/\/linefish.biz\/#website\"},\"datePublished\":\"2025-05-16T00:31:37+00:00\",\"dateModified\":\"2025-05-20T04:44:12+00:00\",\"breadcrumb\":{\"@id\":\"https:\/\/linefish.biz\/echtheit-von-bewertungen\/#breadcrumb\"},\"inLanguage\":\"en-US\",\"potentialAction\":[{\"@type\":\"ReadAction\",\"target\":[\"https:\/\/linefish.biz\/echtheit-von-bewertungen\/\"]}]},{\"@type\":\"BreadcrumbList\",\"@id\":\"https:\/\/linefish.biz\/echtheit-von-bewertungen\/#breadcrumb\",\"itemListElement\":[{\"@type\":\"ListItem\",\"position\":1,\"name\":\"Startseite\",\"item\":\"https:\/\/linefish.biz\/\"},{\"@type\":\"ListItem\",\"position\":2,\"name\":\"Echtheit von Bewertungen\"}]},{\"@type\":\"WebSite\",\"@id\":\"https:\/\/linefish.biz\/#website\",\"url\":\"https:\/\/linefish.biz\/\",\"name\":\"Linefish\",\"description\":\"Der Linefish Onlineshop\",\"publisher\":{\"@id\":\"https:\/\/linefish.biz\/#organization\"},\"potentialAction\":[{\"@type\":\"SearchAction\",\"target\":{\"@type\":\"EntryPoint\",\"urlTemplate\":\"https:\/\/linefish.biz\/?s={search_term_string}\"},\"query-input\":{\"@type\":\"PropertyValueSpecification\",\"valueRequired\":true,\"valueName\":\"search_term_string\"}}],\"inLanguage\":\"en-US\"},{\"@type\":\"Organization\",\"@id\":\"https:\/\/linefish.biz\/#organization\",\"name\":\"Linefish\",\"url\":\"https:\/\/linefish.biz\/\",\"logo\":{\"@type\":\"ImageObject\",\"inLanguage\":\"en-US\",\"@id\":\"https:\/\/linefish.biz\/#\/schema\/logo\/image\/\",\"url\":\"https:\/\/i0.wp.com\/linefish.biz\/wp-content\/uploads\/2025\/05\/cropped-Logo_transparent_v2.png?fit=2381%2C794&ssl=1\",\"contentUrl\":\"https:\/\/i0.wp.com\/linefish.biz\/wp-content\/uploads\/2025\/05\/cropped-Logo_transparent_v2.png?fit=2381%2C794&ssl=1\",\"width\":2381,\"height\":794,\"caption\":\"Linefish\"},\"image\":{\"@id\":\"https:\/\/linefish.biz\/#\/schema\/logo\/image\/\"},\"sameAs\":[\"https:\/\/instagram.com\/linefish.biz\"]}]}<\/script>\n<!-- \/ Yoast SEO plugin. -->","yoast_head_json":{"title":"Echtheit von Bewertungen - Linefish","robots":{"index":"index","follow":"follow","max-snippet":"max-snippet:-1","max-image-preview":"max-image-preview:large","max-video-preview":"max-video-preview:-1"},"canonical":"https:\/\/linefish.biz\/en\/echtheit-von-bewertungen\/","og_locale":"en_US","og_type":"article","og_title":"Echtheit von Bewertungen - Linefish","og_description":"Bewertungen auf unserer Website k\u00f6nnen nur von Kunden mit registriertem Nutzerkonto abgegeben werden und dies auch nur f\u00fcr Produkte, die [&hellip;]","og_url":"https:\/\/linefish.biz\/en\/echtheit-von-bewertungen\/","og_site_name":"Linefish","article_modified_time":"2025-05-20T04:44:12+00:00","twitter_card":"summary_large_image","schema":{"@context":"https:\/\/schema.org","@graph":[{"@type":"WebPage","@id":"https:\/\/linefish.biz\/echtheit-von-bewertungen\/","url":"https:\/\/linefish.biz\/echtheit-von-bewertungen\/","name":"Echtheit von Bewertungen - Linefish","isPartOf":{"@id":"https:\/\/linefish.biz\/#website"},"datePublished":"2025-05-16T00:31:37+00:00","dateModified":"2025-05-20T04:44:12+00:00","breadcrumb":{"@id":"https:\/\/linefish.biz\/echtheit-von-bewertungen\/#breadcrumb"},"inLanguage":"en-US","potentialAction":[{"@type":"ReadAction","target":["https:\/\/linefish.biz\/echtheit-von-bewertungen\/"]}]},{"@type":"BreadcrumbList","@id":"https:\/\/linefish.biz\/echtheit-von-bewertungen\/#breadcrumb","itemListElement":[{"@type":"ListItem","position":1,"name":"Startseite","item":"https:\/\/linefish.biz\/"},{"@type":"ListItem","position":2,"name":"Echtheit von Bewertungen"}]},{"@type":"WebSite","@id":"https:\/\/linefish.biz\/#website","url":"https:\/\/linefish.biz\/","name":"Linefish","description":"Der Linefish Onlineshop","publisher":{"@id":"https:\/\/linefish.biz\/#organization"},"potentialAction":[{"@type":"SearchAction","target":{"@type":"EntryPoint","urlTemplate":"https:\/\/linefish.biz\/?s={search_term_string}"},"query-input":{"@type":"PropertyValueSpecification","valueRequired":true,"valueName":"search_term_string"}}],"inLanguage":"en-US"},{"@type":"Organization","@id":"https:\/\/linefish.biz\/#organization","name":"Linefish","url":"https:\/\/linefish.biz\/","logo":{"@type":"ImageObject","inLanguage":"en-US","@id":"https:\/\/linefish.biz\/#\/schema\/logo\/image\/","url":"https:\/\/i0.wp.com\/linefish.biz\/wp-content\/uploads\/2025\/05\/cropped-Logo_transparent_v2.png?fit=2381%2C794&ssl=1","contentUrl":"https:\/\/i0.wp.com\/linefish.biz\/wp-content\/uploads\/2025\/05\/cropped-Logo_transparent_v2.png?fit=2381%2C794&ssl=1","width":2381,"height":794,"caption":"Linefish"},"image":{"@id":"https:\/\/linefish.biz\/#\/schema\/logo\/image\/"},"sameAs":["https:\/\/instagram.com\/linefish.biz"]}]}},"jetpack_sharing_enabled":true,"_links":{"self":[{"href":"https:\/\/linefish.biz\/en\/wp-json\/wp\/v2\/pages\/124","targetHints":{"allow":["GET"]}}],"collection":[{"href":"https:\/\/linefish.biz\/en\/wp-json\/wp\/v2\/pages"}],"about":[{"href":"https:\/\/linefish.biz\/en\/wp-json\/wp\/v2\/types\/page"}],"author":[{"embeddable":true,"href":"https:\/\/linefish.biz\/en\/wp-json\/wp\/v2\/users\/1"}],"replies":[{"embeddable":true,"href":"https:\/\/linefish.biz\/en\/wp-json\/wp\/v2\/comments?post=124"}],"version-history":[{"count":1,"href":"https:\/\/linefish.biz\/en\/wp-json\/wp\/v2\/pages\/124\/revisions"}],"predecessor-version":[{"id":143,"href":"https:\/\/linefish.biz\/en\/wp-json\/wp\/v2\/pages\/124\/revisions\/143"}],"wp:attachment":[{"href":"https:\/\/linefish.biz\/en\/wp-json\/wp\/v2\/media?parent=124"}],"curies":[{"name":"wp","href":"https:\/\/api.w.org\/{rel}","templated":true}]}}